{"id":11,"date":"2023-10-23T13:16:30","date_gmt":"2023-10-23T11:16:30","guid":{"rendered":"http:\/\/batou.net\/?page_id=11"},"modified":"2025-02-14T16:55:08","modified_gmt":"2025-02-14T15:55:08","slug":"christophe-batejat","status":"publish","type":"page","link":"https:\/\/batou.net\/index.php\/christophe-batejat\/","title":{"rendered":"Christophe Batejat"},"content":{"rendered":"<div class=\"wp-block-image\">\n<figure class=\"aligncenter size-large is-resized\"><img loading=\"lazy\" decoding=\"async\" width=\"1024\" height=\"488\" src=\"http:\/\/batou.net\/wp-content\/uploads\/2023\/11\/CB-1024x488.jpg\" alt=\"\" class=\"wp-image-67\" style=\"object-fit:cover;width:614px;height:292px\" srcset=\"https:\/\/batou.net\/wp-content\/uploads\/2023\/11\/CB-1024x488.jpg 1024w, https:\/\/batou.net\/wp-content\/uploads\/2023\/11\/CB-300x143.jpg 300w, https:\/\/batou.net\/wp-content\/uploads\/2023\/11\/CB-768x366.jpg 768w, https:\/\/batou.net\/wp-content\/uploads\/2023\/11\/CB.jpg 1239w\" sizes=\"auto, (max-width: 1024px) 100vw, 1024px\" \/><\/figure>\n<\/div>\n\n\n<p><br><strong>Expert en diagnostic microbiologique (virologie, bact\u00e9riologie), sant\u00e9 publique, s\u00e9curit\u00e9 et s\u00fbret\u00e9 biologique en laboratoire.<\/strong><br><\/p>\n\n\n\n<p><br>Page de pr\u00e9sentation \/ Presentation page (LinkedIn) : <a href=\"https:\/\/www.linkedin.com\/in\/christophe-batejat\/\">https:\/\/www.linkedin.com\/in\/christophe-batejat\/<\/a><br><br><\/p>\n\n\n\n<p><\/p>\n\n\n\n<p><\/p>\n\n\n\n<p>Liste des publications \/ List of articles (GoogleScholar) : <a href=\"https:\/\/scholar.google.com\/citations?user=t1LRTe0AAAAJ&amp;hl=fr\">https:\/\/scholar.google.com\/citations?user=t1LRTe0AAAAJ&amp;hl=fr<\/a><br><br><\/p>\n\n\n\n<p><\/p>\n\n\n\n<p><\/p>\n\n\n\n<p>Participation \u00e0 des projets \/ Participating in projects :<\/p>\n\n\n\n<ul class=\"wp-block-list\">\n<li>RRML (Rapid Response Mobile Laboratories, OMS\/WHO et GOARN) : <a href=\"https:\/\/indico.un.org\/event\/1005324\/\">https:\/\/indico.un.org\/event\/1005324\/<\/a><\/li>\n\n\n\n<li>SACADA (Transmission de SARS-CoV-2 dans les ateliers pr\u00e9parant des denr\u00e9es alimentaires &#8211; focus sur les ateliers de transformation des viandes, ANR) : <a href=\"https:\/\/www.anses.fr\/fr\/content\/un-projet-pour-comprendre-et-mod%C3%A9liser-la-transmission-du-virus-sars-cov-2-dans-les-ateliers\">https:\/\/www.anses.fr\/fr\/content\/un-projet-pour-comprendre-et-mod%C3%A9liser-la-transmission-du-virus-sars-cov-2-dans-les-ateliers<\/a><\/li>\n\n\n\n<li>DEFERM (Mesures de d\u00e9contamination visant \u00e0 restaurer les installations et l\u2019environnement, ANR) : <a href=\"https:\/\/research.pasteur.fr\/fr\/project\/fr-deferm-mesures-de-decontamination-visant-a-restaurer-les-installations-et-lenvironnement-apres-une-liberation-naturelle-ou-volontaire-de-microorganismes-pathogenes\/\">https:\/\/research.pasteur.fr\/fr\/project\/fr-deferm-mesures-de-decontamination-visant-a-restaurer-les-installations-et-lenvironnement-apres-une-liberation-naturelle-ou-volontaire-de-microorganismes-pathogenes\/<\/a><\/li>\n\n\n\n<li>MOSAIC &amp; MOVIDA (R\u00e9ponses immunitaires, cartographie, transmission et dynamique du Monkeypox virus : sous-\u00e9tude de la cohorte observationnelle europ\u00e9enne MOSAIC, ANRS-MIE) : <a href=\"https:\/\/wellcomeopenresearch.org\/articles\/8-415\">https:\/\/wellcomeopenresearch.org\/articles\/8-415<\/a><\/li>\n\n\n\n<li>EVAg (European Virus Archive, EU) : <a href=\"https:\/\/www.european-virus-archive.com\/\">https:\/\/www.european-virus-archive.com\/<\/a><\/li>\n\n\n\n<li>EBO-SURSY (Renforcement des capacit\u00e9s et surveillance des fi\u00e8vres h\u00e9morragiques virales, UE et OMSA) : <a href=\"https:\/\/research.pasteur.fr\/fr\/project\/ebo-sursy-project\/\">https:\/\/research.pasteur.fr\/fr\/project\/ebo-sursy-project\/<\/a><\/li>\n\n\n\n<li>PREDEMICS (Preparedness, Prediction and Prevention of Emerging Zoonotic Viruses with Pandemic Potential using Multidisciplinary Approaches, UE) : <a href=\"https:\/\/predemics.biomedtrain.eu\/cms\/default\">https:\/\/predemics.biomedtrain.eu\/cms\/default<\/a><\/li>\n<\/ul>\n\n\n\n<p><\/p>\n\n\n\n<p><\/p>\n\n\n\n<p><\/p>\n\n\n\n<p>Certifications sp\u00e9cifiques :<\/p>\n\n\n\n<ul class=\"wp-block-list\">\n<li>Certificat <a href=\"https:\/\/certibiocide.din.developpement-durable.gouv.fr\/\" data-type=\"link\" data-id=\"https:\/\/certibiocide.din.developpement-durable.gouv.fr\/\">Certibiocide <\/a>D\u00e9sinfectants &#8211; <em>2024<\/em><\/li>\n\n\n\n<li>Certificat IATA Transport of Dangerous Goods by Air &#8211; Initial (Exp\u00e9diteurs de mati\u00e8res infectieuses (division 6.2) \/ <a href=\"https:\/\/www.iata.org\/en\/publications\/manuals\/infectious-substances-shipping-regulations\/\" data-type=\"link\" data-id=\"https:\/\/www.iata.org\/en\/publications\/manuals\/infectious-substances-shipping-regulations\/\">ISSR<\/a> ) &#8211; <em>2024<\/em><\/li>\n\n\n\n<li>Habilitation \u00e0 la conduite d&rsquo;autoclave &#8211; <em>2024<\/em><\/li>\n<\/ul>\n\n\n\n<p><\/p>\n","protected":false},"excerpt":{"rendered":"<p>Expert en diagnostic microbiologique (virologie, bact\u00e9riologie), sant\u00e9 publique, s\u00e9curit\u00e9 et s\u00fbret\u00e9 biologique en laboratoire. Page de pr\u00e9sentation \/ Presentation page (LinkedIn) : https:\/\/www.linkedin.com\/in\/christophe-batejat\/ Liste des publications \/ List of articles &#8230;<\/p>\n","protected":false},"author":1,"featured_media":0,"parent":0,"menu_order":0,"comment_status":"closed","ping_status":"closed","template":"","meta":{"footnotes":""},"class_list":["post-11","page","type-page","status-publish","hentry"],"_links":{"self":[{"href":"https:\/\/batou.net\/index.php\/wp-json\/wp\/v2\/pages\/11","targetHints":{"allow":["GET"]}}],"collection":[{"href":"https:\/\/batou.net\/index.php\/wp-json\/wp\/v2\/pages"}],"about":[{"href":"https:\/\/batou.net\/index.php\/wp-json\/wp\/v2\/types\/page"}],"author":[{"embeddable":true,"href":"https:\/\/batou.net\/index.php\/wp-json\/wp\/v2\/users\/1"}],"replies":[{"embeddable":true,"href":"https:\/\/batou.net\/index.php\/wp-json\/wp\/v2\/comments?post=11"}],"version-history":[{"count":20,"href":"https:\/\/batou.net\/index.php\/wp-json\/wp\/v2\/pages\/11\/revisions"}],"predecessor-version":[{"id":132,"href":"https:\/\/batou.net\/index.php\/wp-json\/wp\/v2\/pages\/11\/revisions\/132"}],"wp:attachment":[{"href":"https:\/\/batou.net\/index.php\/wp-json\/wp\/v2\/media?parent=11"}],"curies":[{"name":"wp","href":"https:\/\/api.w.org\/{rel}","templated":true}]}}