{"id":31,"date":"2023-10-27T23:05:18","date_gmt":"2023-10-27T21:05:18","guid":{"rendered":"http:\/\/batou.net\/?page_id=31"},"modified":"2023-11-28T18:09:19","modified_gmt":"2023-11-28T17:09:19","slug":"ressources","status":"publish","type":"page","link":"https:\/\/batou.net\/index.php\/ressources\/","title":{"rendered":"Ressources"},"content":{"rendered":"<div class=\"wp-block-image\">\n<figure class=\"aligncenter size-large is-resized\"><img loading=\"lazy\" decoding=\"async\" width=\"1024\" height=\"411\" src=\"http:\/\/batou.net\/wp-content\/uploads\/2023\/11\/giammarco-boscaro-zeH-ljawHtg-unsplash-1024x411.jpg\" alt=\"\" class=\"wp-image-55\" style=\"width:auto;height:292px\" srcset=\"https:\/\/batou.net\/wp-content\/uploads\/2023\/11\/giammarco-boscaro-zeH-ljawHtg-unsplash-1024x411.jpg 1024w, https:\/\/batou.net\/wp-content\/uploads\/2023\/11\/giammarco-boscaro-zeH-ljawHtg-unsplash-300x120.jpg 300w, https:\/\/batou.net\/wp-content\/uploads\/2023\/11\/giammarco-boscaro-zeH-ljawHtg-unsplash-768x308.jpg 768w, https:\/\/batou.net\/wp-content\/uploads\/2023\/11\/giammarco-boscaro-zeH-ljawHtg-unsplash-1536x617.jpg 1536w, https:\/\/batou.net\/wp-content\/uploads\/2023\/11\/giammarco-boscaro-zeH-ljawHtg-unsplash-2048x822.jpg 2048w\" sizes=\"auto, (max-width: 1024px) 100vw, 1024px\" \/><\/figure>\n<\/div>\n\n\n<p><strong>S\u00e9curit\u00e9 et s\u00fbret\u00e9 biologique<\/strong><\/p>\n\n\n\n<ul class=\"wp-block-list\">\n<li><a href=\"http:\/\/www.esst-inrs.fr\/3rb\/reseau.php\">R\u00e9seau 3RB<\/a><\/li>\n\n\n\n<li><a href=\"https:\/\/www.inrs.fr\/risques\/biologiques.html\" data-type=\"link\" data-id=\"https:\/\/www.inrs.fr\/risques\/biologiques.html\">INRS &#8211; Risque biologique<\/a><\/li>\n\n\n\n<li><a href=\"https:\/\/www.canada.ca\/en\/services\/health\/biosafety-biosecurity.html\">Biosafety and biosecurity &#8211; Canada.ca<\/a><\/li>\n\n\n\n<li><a href=\"https:\/\/internationalbiosafety.org\/certification\/certification\/\">IFBA \u2013 International Federation of Biosafety Associations \u00bb Certification<\/a><\/li>\n\n\n\n<li><a href=\"http:\/\/www.who.int\/csr\/resources\/publications\/biosafety\/WHO_CDS_CSR_LYO_2004_11\/en\/\">WHO &#8211; Laboratory Biosafety Manual &#8211; Third Edition<\/a><\/li>\n\n\n\n<li><a href=\"https:\/\/www.who.int\/publications\/i\/item\/9789240011311\">WHO &#8211; Laboratory biosafety manual, 4th edition<\/a><\/li>\n\n\n\n<li><a href=\"https:\/\/www.secbio.org\/\">SecBio &#8211; Plateforme pour la s\u00e9curit\u00e9 &amp; s\u00fbret\u00e9 biologiques<\/a><\/li>\n\n\n\n<li><a href=\"http:\/\/www.inrs.fr\/publications\/bdd\/baobab.html\">Baobab &#8211; BAse d&rsquo;OBservation des Agents Biologiques &#8211; Publications et outils &#8211; INRS<\/a><\/li>\n\n\n\n<li><a href=\"https:\/\/health.canada.ca\/fr\/epathogene\">ePATHog\u00e8ne &#8211; la base de donn\u00e9es sur les groupes de risque PHAC<\/a><\/li>\n\n\n\n<li><a href=\"https:\/\/www.canada.ca\/fr\/sante-publique\/services\/biosecurite-biosurete-laboratoire\/fiches-techniques-sante-securite-agents-pathogenes-evaluation-risques.html\">Fiche Technique Sant\u00e9-S\u00e9curit\u00e9 : Agents Pathog\u00e8nes &#8211; Canada.ca<\/a><\/li>\n\n\n\n<li><a href=\"https:\/\/my.absa.org\/LAI\" data-type=\"link\" data-id=\"https:\/\/my.absa.org\/LAI\">ABSA.org &#8211; Base de donn\u00e9es des accidents de laboratoire<\/a><\/li>\n\n\n\n<li><a href=\"https:\/\/moodle.fondation-merieux.org\/course\/view.php?id=4\">Formations Fondation M\u00e9rieux<\/a><\/li>\n<\/ul>\n\n\n\n<p><\/p>\n\n\n\n<p><strong>Sant\u00e9 publique<\/strong> <strong>&amp; virologie<\/strong><\/p>\n\n\n\n<ul class=\"wp-block-list\">\n<li><a href=\"https:\/\/openwho.org\/\">OpenWHO<\/a><\/li>\n\n\n\n<li><a href=\"https:\/\/ictv.global\/taxonomy\">ICTV Virus Taxonomy<\/a><\/li>\n\n\n\n<li><a href=\"http:\/\/www.virology.ws\/twiv\/\">TWiV<\/a><\/li>\n\n\n\n<li><a href=\"http:\/\/virusmap.univ-lyon1.fr\/\">Virustree (by Lifemap)<\/a><\/li>\n\n\n\n<li><a href=\"http:\/\/viralzone.expasy.org\/\">ViralZone: root<\/a><\/li>\n\n\n\n<li><a href=\"https:\/\/ourworldindata.org\/explorers\/monkeypox\">Monkeypox Data Explorer &#8211; Our World in Data<\/a><\/li>\n\n\n\n<li><a href=\"https:\/\/ducotedelascience.org\/estimation-risque-aerosol-covid-19\/\">Outils d\u2019estimation du risque a\u00e9rosol COVID-19<\/a><\/li>\n\n\n\n<li><a href=\"https:\/\/gisanddata.maps.arcgis.com\/apps\/opsdashboard\/index.html#\/bda7594740fd40299423467b48e9ecf6\">WHO COVID Dashboard<\/a><\/li>\n<\/ul>\n","protected":false},"excerpt":{"rendered":"<p>S\u00e9curit\u00e9 et s\u00fbret\u00e9 biologique Sant\u00e9 publique &amp; virologie<\/p>\n","protected":false},"author":1,"featured_media":0,"parent":0,"menu_order":0,"comment_status":"closed","ping_status":"closed","template":"","meta":{"footnotes":""},"class_list":["post-31","page","type-page","status-publish","hentry"],"_links":{"self":[{"href":"https:\/\/batou.net\/index.php\/wp-json\/wp\/v2\/pages\/31","targetHints":{"allow":["GET"]}}],"collection":[{"href":"https:\/\/batou.net\/index.php\/wp-json\/wp\/v2\/pages"}],"about":[{"href":"https:\/\/batou.net\/index.php\/wp-json\/wp\/v2\/types\/page"}],"author":[{"embeddable":true,"href":"https:\/\/batou.net\/index.php\/wp-json\/wp\/v2\/users\/1"}],"replies":[{"embeddable":true,"href":"https:\/\/batou.net\/index.php\/wp-json\/wp\/v2\/comments?post=31"}],"version-history":[{"count":10,"href":"https:\/\/batou.net\/index.php\/wp-json\/wp\/v2\/pages\/31\/revisions"}],"predecessor-version":[{"id":95,"href":"https:\/\/batou.net\/index.php\/wp-json\/wp\/v2\/pages\/31\/revisions\/95"}],"wp:attachment":[{"href":"https:\/\/batou.net\/index.php\/wp-json\/wp\/v2\/media?parent=31"}],"curies":[{"name":"wp","href":"https:\/\/api.w.org\/{rel}","templated":true}]}}